{"id":639,"date":"2019-01-15T10:43:01","date_gmt":"2019-01-15T09:43:01","guid":{"rendered":"http:\/\/test.hsg.schwerte.de\/?page_id=639"},"modified":"2021-08-19T12:22:01","modified_gmt":"2021-08-19T11:22:01","slug":"neujahrscup","status":"publish","type":"page","link":"https:\/\/hsg.schwerte.de\/index.php\/neujahrscup\/","title":{"rendered":"NEUJAHRSCUP"},"content":{"rendered":"<p><img loading=\"lazy\" decoding=\"async\" class=\"alignnone size-full wp-image-642\" src=\"https:\/\/hsg.schwerte.de\/wp-content\/uploads\/2019\/01\/1541156952.jpg\" alt=\"\" width=\"1280\" height=\"467\" srcset=\"https:\/\/hsg.schwerte.de\/wp-content\/uploads\/2019\/01\/1541156952.jpg 1280w, https:\/\/hsg.schwerte.de\/wp-content\/uploads\/2019\/01\/1541156952-300x109.jpg 300w, https:\/\/hsg.schwerte.de\/wp-content\/uploads\/2019\/01\/1541156952-768x280.jpg 768w, https:\/\/hsg.schwerte.de\/wp-content\/uploads\/2019\/01\/1541156952-1024x374.jpg 1024w, https:\/\/hsg.schwerte.de\/wp-content\/uploads\/2019\/01\/1541156952-260x95.jpg 260w, https:\/\/hsg.schwerte.de\/wp-content\/uploads\/2019\/01\/1541156952-50x18.jpg 50w, https:\/\/hsg.schwerte.de\/wp-content\/uploads\/2019\/01\/1541156952-150x55.jpg 150w\" sizes=\"auto, (max-width: 1280px) 100vw, 1280px\" \/><\/p>\n<div class=\"column two-third\"><\/p>\n<h3>Der Neujahrs-Cup an der Ruhr: Ein voller Erfolg!<\/h3>\n<p><strong>Die HSG Schwerte\/Westhofen blickt auf ein gelungenes Turnier zur\u00fcck. Teams, Zuschauer und Eltern sind zufrieden. Gleich drei Titel gingen ins Ausland und einmal gewannen die Ruhr F\u00fcchse.<\/strong><\/p>\n<p>Mit einem Turnier, gr\u00f6\u00dfer als in den letzten Jahren, ging die HSG Schwerte\/Westhofen ins neue Jahr. In gleich zwei Hallen spielten 62 Teams in verschiedenen Altersklassen um die Pokale. Ein Turnier, welches vor allem den Spielern und Trainern aber auch den Zuschauern Spa\u00df gemacht hat. Die Organisatoren zeigten sich gl\u00fccklich. Phillip Dammers, Jugendleiter der HSG, zeigte sich durchweg zufrieden: \u201eIch bin sehr sehr gl\u00fccklich, wie der Neujahrs-Cup an der Ruhr verlaufen ist. Die positive Resonanz war einfach \u00fcberw\u00e4ltigend. Wir als Organisatoren sind einfach froh, so etwas f\u00fcr die jungen Handballer und Handballerinnen auf die Beine stellen zu k\u00f6nnen. Wir bedanken uns bei allen die mitgeholfen haben, dies auf die Beine zu stellen!\u201c<\/p>\n<p>Am Freitag, 4. Januar ging es bereits f\u00fcr die \u00c4lteren los. Im FBG spielte die weibliche A-Jugend. Dominiert wurde dieses Turnier von den polnischen G\u00e4sten aus Petrowice, die verdient gewannen. Einen auch starken Abend konnten die Ruhr F\u00fcchse aufweisen, die einen guten dritten Platz belegten. Parallel im G\u00e4nsewinkel spielte die m\u00e4nnliche B-Jugend. Dort gewann DJK Ewaldi Aplerbeck. HVE Villigst-Ergste wurde zweiter. Am darauffolgenden Tag spielten vormittags die weibliche E und die gemischte F-Jugend. Bei der gemischten F-Jugend trat ein Ruhr F\u00fcchse Team an, welches f\u00fcr das Turnier kreiert wurde. Dieses gewann auch das Turnier und holte den einzigen Gesamtsieg f\u00fcr eine Schwerter Mannschaft. Bei der weiblichen E-Jugend spielten die Ruhr F\u00fcchse nicht viel schlechter und wurden verdient zweiter. Sieger wurde DJK Ewaldi Aplerbeck.<\/p>\n<h4>Oranger Spieltag<\/h4>\n<p>Am Samstagnachmittag bestritt die weibliche B-Jugend ihr Turnier im FBG. Dort musste sich HSG Schwerte\/Westhofen erst im Finale gegen den SV Teutonia Riemke geschlagen geben. Parallel spielte die m\u00e4nnliche C-Jugend. F\u00fcr die Ruhr F\u00fcchse gab es dort leider nicht so viel zu holen. Mit einem Sieg am Ende konnte sich Platz sieben gesichert werden. Turniersieger wurde DJK SG B\u00f6sperde.<\/p>\n<p>Am Sonntag wurde es im G\u00e4nsewinkel ein Tag ganz in \u201eorange\u201c. Die niederl\u00e4ndischen Mannschaften aus Brabant holten nicht nur vormittags bei der weiblichen D-Jugend Rang ein und zwei sondern gewannen auch das Turnier der weiblichen C-Jugend am Nachmittag. Die Teams der Ruhr F\u00fcchse wurden zuerst 4ter und sp\u00e4ter 5ter in ihrer jeweiligen Altersklasse. Im FBG sprangen bei der m\u00e4nnlichen E-Jugend gleich zwei Schwerter Teams aufs Treppchen. Der Gastgeber HSG Schwerte\/Westhofen wurde zweiter und HVE Villigst-Ergste zweiter. Sieger wurde HSG Geislar-Oberkassel. Am Nachmittag wurde das Turnier der m\u00e4nnlichen D-Jugend ausgetragen. Das \u00fcberragende Team von TuS 82 Opladen gewann ein hochklassiges Turnier. HVE Villigst-Ergste wurde f\u00fcnfter und die HSG Schwerte-Westhofen siebter.<\/p>\n<p>An diesem einen Wochenende waren knapp 900 junge Handballspielerinnen und Handballspieler in Schwerte. Ihn wurde ein wunderbares Turnier voller Spannung und Spa\u00df geboten und die Nachfrage f\u00fcr den Neujahrs-Cup 2020 sei bereits gro\u00df. Die HSG Schwerte\/Westhofen kann stolz auf solch ein gro\u00dfes und sportlich qualitativ hochwertiges Turnier sein. Die weite Anreise einiger Teams kann eine der besten Best\u00e4tigung sein.<\/p>\n<p>09.01.2019<\/p>\n<p><a href=\"https:\/\/meinschwerte.de\/2019\/01\/09\/der-neujahrs-cup-an-der-ruhr-ein-voller-erfolg\/\">www.meinschwerte.de<\/a><\/p>\n<p><strong><a href=\"https:\/\/neujahrs-cup.jimdofree.com\/\">Link zur Seite des Neujahrscup<\/a><\/strong><\/p>\n<p><\/div>\n\n","protected":false},"excerpt":{"rendered":"","protected":false},"author":1,"featured_media":0,"parent":0,"menu_order":0,"comment_status":"closed","ping_status":"closed","template":"","meta":{"footnotes":""},"class_list":["post-639","page","type-page","status-publish","hentry"],"_links":{"self":[{"href":"https:\/\/hsg.schwerte.de\/index.php\/wp-json\/wp\/v2\/pages\/639","targetHints":{"allow":["GET"]}}],"collection":[{"href":"https:\/\/hsg.schwerte.de\/index.php\/wp-json\/wp\/v2\/pages"}],"about":[{"href":"https:\/\/hsg.schwerte.de\/index.php\/wp-json\/wp\/v2\/types\/page"}],"author":[{"embeddable":true,"href":"https:\/\/hsg.schwerte.de\/index.php\/wp-json\/wp\/v2\/users\/1"}],"replies":[{"embeddable":true,"href":"https:\/\/hsg.schwerte.de\/index.php\/wp-json\/wp\/v2\/comments?post=639"}],"version-history":[{"count":16,"href":"https:\/\/hsg.schwerte.de\/index.php\/wp-json\/wp\/v2\/pages\/639\/revisions"}],"predecessor-version":[{"id":2146,"href":"https:\/\/hsg.schwerte.de\/index.php\/wp-json\/wp\/v2\/pages\/639\/revisions\/2146"}],"wp:attachment":[{"href":"https:\/\/hsg.schwerte.de\/index.php\/wp-json\/wp\/v2\/media?parent=639"}],"curies":[{"name":"wp","href":"https:\/\/api.w.org\/{rel}","templated":true}]}}